{"id":25275,"date":"2018-02-08T22:21:35","date_gmt":"2018-02-08T22:21:35","guid":{"rendered":"https:\/\/renvisegrad.hu\/available-programs\/knights-tournament-show\/"},"modified":"2025-08-25T17:38:52","modified_gmt":"2025-08-25T17:38:52","slug":"knights-tournament-show","status":"publish","type":"page","link":"https:\/\/renvisegrad.hu\/en\/available-programs\/knights-tournament-show\/","title":{"rendered":"Knight&#8217;s Tournament Show"},"content":{"rendered":"<p>[et_pb_section fb_built=&#8221;1&#8243; specialty=&#8221;on&#8221; _builder_version=&#8221;4.16&#8243; da_disable_devices=&#8221;off|off|off&#8221; global_colors_info=&#8221;{}&#8221; da_is_popup=&#8221;off&#8221; da_exit_intent=&#8221;off&#8221; da_has_close=&#8221;on&#8221; da_alt_close=&#8221;off&#8221; da_dark_close=&#8221;off&#8221; da_not_modal=&#8221;on&#8221; da_is_singular=&#8221;off&#8221; da_with_loader=&#8221;off&#8221; da_has_shadow=&#8221;on&#8221;][et_pb_column type=&#8221;3_4&#8243; specialty_columns=&#8221;3&#8243; _builder_version=&#8221;4.16&#8243; custom_padding=&#8221;|||&#8221; global_colors_info=&#8221;{}&#8221; custom_padding__hover=&#8221;|||&#8221;][et_pb_row_inner admin_label=&#8221;Sor&#8221; _builder_version=&#8221;4.16&#8243; global_colors_info=&#8221;{}&#8221;][et_pb_column_inner saved_specialty_column_type=&#8221;3_4&#8243; _builder_version=&#8221;4.16&#8243; custom_padding=&#8221;|||&#8221; global_colors_info=&#8221;{}&#8221; custom_padding__hover=&#8221;|||&#8221;][et_pb_text _builder_version=&#8221;4.27.4&#8243; global_colors_info=&#8221;{}&#8221;]<\/p>\n<h3>The country&#8217;s number one knight&#8217;s tournament show<\/h3>\n<p>[\/et_pb_text][et_pb_divider show_divider=&#8221;off&#8221; _builder_version=&#8221;4.16&#8243; max_width=&#8221;10%&#8221; height=&#8221;10px&#8221; global_colors_info=&#8221;{}&#8221;][\/et_pb_divider][et_pb_gallery gallery_ids=&#8221;23459,5471,6440,6441,6442,5470,3835,3457,3455,3435,3425,3382&#8243; fullwidth=&#8221;on&#8221; admin_label=&#8221;Gal\u00e9ria&#8221; _builder_version=&#8221;4.27.4&#8243; pagination_text_color=&#8221;#ffffff&#8221; pagination_font_size_tablet=&#8221;51&#8243; pagination_line_height_tablet=&#8221;2&#8243; global_colors_info=&#8221;{}&#8221;][\/et_pb_gallery][et_pb_video src=&#8221;https:\/\/renvisegrad.hu\/wp-content\/uploads\/uj-lovagrend-video.mp4&#8243; _builder_version=&#8221;4.27.4&#8243; _module_preset=&#8221;default&#8221; global_colors_info=&#8221;{}&#8221;][\/et_pb_video][et_pb_text _builder_version=&#8221;4.27.4&#8243; global_colors_info=&#8221;{}&#8221;]<\/p>\n<p style=\"text-align: justify;\">For guests of the Renaissance Restaurant, we offer a truly unique experience unlike any other in the country, transporting you back to the Middle Ages \u2014 a time that was far from dark, and instead dazzlingly colorful and vibrant.<\/p>\n<p><\/p>\n<p>Members of the Order of Saint George present a spectacular knight tournament, showcasing how warriors once fought for the favor of the king and queen in 14th-century Visegr\u00e1d.<\/p>\n<p><\/p>\n<p>The regularly scheduled programs take place in the Salamon Tower, or during the winter months in the Palace Hall, and require a minimum of 30 participants.<\/p>\n<p><\/p>\n<p>For smaller groups, we recommend joining one of our pre-arranged programs by prior agreement.<\/p>\n<p>[\/et_pb_text][et_pb_text _builder_version=&#8221;4.27.4&#8243; global_colors_info=&#8221;{}&#8221;]<\/p>\n<h3>Request for a knight&#8217;s tournament quote<\/h3>\n<p>[\/et_pb_text][et_pb_divider show_divider=&#8221;off&#8221; _builder_version=&#8221;4.16&#8243; max_width=&#8221;10%&#8221; height=&#8221;10px&#8221; global_colors_info=&#8221;{}&#8221;][\/et_pb_divider][et_pb_text _builder_version=&#8221;4.27.4&#8243; global_colors_info=&#8221;{}&#8221;]<\/p>\n<p style=\"text-align: center;\">\n<div class=\"wpcf7 no-js\" id=\"wpcf7-f4211-o1\" lang=\"hu-HU\" dir=\"ltr\" data-wpcf7-id=\"4211\">\n<div class=\"screen-reader-response\"><p role=\"status\" aria-live=\"polite\" aria-atomic=\"true\"><\/p> <ul><\/ul><\/div>\n<form action=\"\/en\/wp-json\/wp\/v2\/pages\/25275#wpcf7-f4211-o1\" method=\"post\" class=\"wpcf7-form init\" aria-label=\"Kapcsolatfelv\u00e9teli \u0171rlap\" novalidate=\"novalidate\" data-status=\"init\">\n<fieldset class=\"hidden-fields-container\"><input type=\"hidden\" name=\"_wpcf7\" value=\"4211\" \/><input type=\"hidden\" name=\"_wpcf7_version\" value=\"6.1.5\" \/><input type=\"hidden\" name=\"_wpcf7_locale\" value=\"hu_HU\" \/><input type=\"hidden\" name=\"_wpcf7_unit_tag\" value=\"wpcf7-f4211-o1\" \/><input type=\"hidden\" name=\"_wpcf7_container_post\" value=\"0\" \/><input type=\"hidden\" name=\"_wpcf7_posted_data_hash\" value=\"\" \/>\n<\/fieldset>\n<p><label> N\u00e9v (k\u00f6telez\u0151)<br \/>\n<span class=\"wpcf7-form-control-wrap\" data-name=\"nev\"><input size=\"40\" maxlength=\"400\" class=\"wpcf7-form-control wpcf7-text wpcf7-validates-as-required\" aria-required=\"true\" aria-invalid=\"false\" value=\"\" type=\"text\" name=\"nev\" \/><\/span> <\/label>\n<\/p>\n<p><label> C\u00e9gn\u00e9v<br \/>\n<span class=\"wpcf7-form-control-wrap\" data-name=\"cegnev\"><input size=\"40\" maxlength=\"400\" class=\"wpcf7-form-control wpcf7-text\" aria-invalid=\"false\" value=\"\" type=\"text\" name=\"cegnev\" \/><\/span> <\/label>\n<\/p>\n<p><label> E-mail c\u00edm (k\u00f6telez\u0151)<br \/>\n<span class=\"wpcf7-form-control-wrap\" data-name=\"email\"><input size=\"40\" maxlength=\"400\" class=\"wpcf7-form-control wpcf7-email wpcf7-validates-as-required wpcf7-text wpcf7-validates-as-email\" aria-required=\"true\" aria-invalid=\"false\" value=\"\" type=\"email\" name=\"email\" \/><\/span> <\/label>\n<\/p>\n<p><label> Telefonsz\u00e1m (k\u00f6telez\u0151)<br \/>\n<span class=\"wpcf7-form-control-wrap\" data-name=\"telenfonszam\"><input size=\"40\" maxlength=\"400\" class=\"wpcf7-form-control wpcf7-text wpcf7-validates-as-required\" aria-required=\"true\" aria-invalid=\"false\" value=\"\" type=\"text\" name=\"telenfonszam\" \/><\/span> <\/label>\n<\/p>\n<p><label> L\u00e9tsz\u00e1m (k\u00f6telez\u0151)<br \/>\n<span class=\"wpcf7-form-control-wrap\" data-name=\"letszam\"><input size=\"40\" maxlength=\"400\" class=\"wpcf7-form-control wpcf7-text wpcf7-validates-as-required\" aria-required=\"true\" aria-invalid=\"false\" value=\"\" type=\"text\" name=\"letszam\" \/><\/span> <\/label>\n<\/p>\n<p><label> \u00c9rkez\u00e9s (k\u00f6telez\u0151)<br \/>\n<span class=\"wpcf7-form-control-wrap\" data-name=\"erkezes\"><input class=\"wpcf7-form-control wpcf7-date wpcf7-validates-as-required wpcf7-validates-as-date\" aria-required=\"true\" aria-invalid=\"false\" value=\"\" type=\"date\" name=\"erkezes\" \/><\/span> <\/label>\n<\/p>\n<p><label> Ig\u00e9nyelt programok, rendezv\u00e9ny le\u00edr\u00e1sa (k\u00f6telez\u0151)<br \/>\n<span class=\"wpcf7-form-control-wrap\" data-name=\"programok\"><textarea cols=\"40\" rows=\"10\" maxlength=\"2000\" class=\"wpcf7-form-control wpcf7-textarea\" aria-invalid=\"false\" name=\"programok\"><\/textarea><\/span> <\/label>\n<\/p>\n<p><input class=\"wpcf7-form-control wpcf7-submit has-spinner\" type=\"submit\" value=\"K\u00e9rem az aj\u00e1nlatot\" \/>\n<\/p><div class=\"wpcf7-response-output\" aria-hidden=\"true\"><\/div>\n<\/form>\n<\/div>\n<\/p>\n<p>[\/et_pb_text][\/et_pb_column_inner][\/et_pb_row_inner][\/et_pb_column][et_pb_column type=&#8221;1_4&#8243; _builder_version=&#8221;4.16&#8243; custom_padding=&#8221;|||&#8221; global_colors_info=&#8221;{}&#8221; custom_padding__hover=&#8221;|||&#8221;][et_pb_sidebar orientation=&#8221;right&#8221; area=&#8221;et_pb_widget_area_2&#8243; _builder_version=&#8221;4.27.4&#8243; global_colors_info=&#8221;{}&#8221;][\/et_pb_sidebar][\/et_pb_column][\/et_pb_section]<\/p>\n","protected":false},"excerpt":{"rendered":"<p>The country&#8217;s number one knight&#8217;s tournament showFor guests of the Renaissance Restaurant, we offer a truly unique experience unlike any other in the country, transporting you back to the Middle Ages \u2014 a time that was far from dark, and instead dazzlingly colorful and vibrant.Members of the Order of Saint George present a spectacular knight [&hellip;]<\/p>\n","protected":false},"author":1,"featured_media":0,"parent":25014,"menu_order":0,"comment_status":"closed","ping_status":"closed","template":"","meta":{"_et_pb_use_builder":"on","_et_pb_old_content":"","_et_gb_content_width":"","footnotes":""},"class_list":["post-25275","page","type-page","status-publish","hentry"],"yoast_head":"<!-- This site is optimized with the Yoast SEO plugin v27.5 - https:\/\/yoast.com\/product\/yoast-seo-wordpress\/ -->\n<title>Knight&#039;s Tournament Show - Renaissance \u00c9tterem Visegr\u00e1d<\/title>\n<meta name=\"robots\" content=\"index, follow, max-snippet:-1, max-image-preview:large, max-video-preview:-1\" \/>\n<link rel=\"canonical\" href=\"https:\/\/renvisegrad.hu\/en\/available-programs\/knights-tournament-show\/\" \/>\n<meta property=\"og:locale\" content=\"en_US\" \/>\n<meta property=\"og:type\" content=\"article\" \/>\n<meta property=\"og:title\" content=\"Knight&#039;s Tournament Show - Renaissance \u00c9tterem Visegr\u00e1d\" \/>\n<meta property=\"og:description\" content=\"The country&#039;s number one knight&#039;s tournament showFor guests of the Renaissance Restaurant, we offer a truly unique experience unlike any other in the country, transporting you back to the Middle Ages \u2014 a time that was far from dark, and instead dazzlingly colorful and vibrant.Members of the Order of Saint George present a spectacular knight [&hellip;]\" \/>\n<meta property=\"og:url\" content=\"https:\/\/renvisegrad.hu\/en\/available-programs\/knights-tournament-show\/\" \/>\n<meta property=\"og:site_name\" content=\"Renaissance \u00c9tterem Visegr\u00e1d\" \/>\n<meta property=\"article:modified_time\" content=\"2025-08-25T17:38:52+00:00\" \/>\n<meta name=\"twitter:card\" content=\"summary_large_image\" \/>\n<meta name=\"twitter:label1\" content=\"Est. reading time\" \/>\n\t<meta name=\"twitter:data1\" content=\"2 minutes\" \/>\n<script type=\"application\/ld+json\" class=\"yoast-schema-graph\">{\"@context\":\"https:\\\/\\\/schema.org\",\"@graph\":[{\"@type\":\"WebPage\",\"@id\":\"https:\\\/\\\/renvisegrad.hu\\\/en\\\/available-programs\\\/knights-tournament-show\\\/\",\"url\":\"https:\\\/\\\/renvisegrad.hu\\\/en\\\/available-programs\\\/knights-tournament-show\\\/\",\"name\":\"Knight's Tournament Show - Renaissance \u00c9tterem Visegr\u00e1d\",\"isPartOf\":{\"@id\":\"https:\\\/\\\/renvisegrad.hu\\\/en\\\/#website\"},\"datePublished\":\"2018-02-08T22:21:35+00:00\",\"dateModified\":\"2025-08-25T17:38:52+00:00\",\"breadcrumb\":{\"@id\":\"https:\\\/\\\/renvisegrad.hu\\\/en\\\/available-programs\\\/knights-tournament-show\\\/#breadcrumb\"},\"inLanguage\":\"en-US\",\"potentialAction\":[{\"@type\":\"ReadAction\",\"target\":[\"https:\\\/\\\/renvisegrad.hu\\\/en\\\/available-programs\\\/knights-tournament-show\\\/\"]}]},{\"@type\":\"BreadcrumbList\",\"@id\":\"https:\\\/\\\/renvisegrad.hu\\\/en\\\/available-programs\\\/knights-tournament-show\\\/#breadcrumb\",\"itemListElement\":[{\"@type\":\"ListItem\",\"position\":1,\"name\":\"F\u0151oldal\",\"item\":\"https:\\\/\\\/renvisegrad.hu\\\/en\\\/\"},{\"@type\":\"ListItem\",\"position\":2,\"name\":\"Available Programs\",\"item\":\"https:\\\/\\\/renvisegrad.hu\\\/en\\\/rendelheto-programok\\\/\"},{\"@type\":\"ListItem\",\"position\":3,\"name\":\"Knight&#8217;s Tournament Show\"}]},{\"@type\":\"WebSite\",\"@id\":\"https:\\\/\\\/renvisegrad.hu\\\/en\\\/#website\",\"url\":\"https:\\\/\\\/renvisegrad.hu\\\/en\\\/\",\"name\":\"Renaissance \u00c9tterem Visegr\u00e1d\",\"description\":\"\",\"potentialAction\":[{\"@type\":\"SearchAction\",\"target\":{\"@type\":\"EntryPoint\",\"urlTemplate\":\"https:\\\/\\\/renvisegrad.hu\\\/en\\\/?s={search_term_string}\"},\"query-input\":{\"@type\":\"PropertyValueSpecification\",\"valueRequired\":true,\"valueName\":\"search_term_string\"}}],\"inLanguage\":\"en-US\"}]}<\/script>\n<!-- \/ Yoast SEO plugin. -->","yoast_head_json":{"title":"Knight's Tournament Show - Renaissance \u00c9tterem Visegr\u00e1d","robots":{"index":"index","follow":"follow","max-snippet":"max-snippet:-1","max-image-preview":"max-image-preview:large","max-video-preview":"max-video-preview:-1"},"canonical":"https:\/\/renvisegrad.hu\/en\/available-programs\/knights-tournament-show\/","og_locale":"en_US","og_type":"article","og_title":"Knight's Tournament Show - Renaissance \u00c9tterem Visegr\u00e1d","og_description":"The country's number one knight's tournament showFor guests of the Renaissance Restaurant, we offer a truly unique experience unlike any other in the country, transporting you back to the Middle Ages \u2014 a time that was far from dark, and instead dazzlingly colorful and vibrant.Members of the Order of Saint George present a spectacular knight [&hellip;]","og_url":"https:\/\/renvisegrad.hu\/en\/available-programs\/knights-tournament-show\/","og_site_name":"Renaissance \u00c9tterem Visegr\u00e1d","article_modified_time":"2025-08-25T17:38:52+00:00","twitter_card":"summary_large_image","twitter_misc":{"Est. reading time":"2 minutes"},"schema":{"@context":"https:\/\/schema.org","@graph":[{"@type":"WebPage","@id":"https:\/\/renvisegrad.hu\/en\/available-programs\/knights-tournament-show\/","url":"https:\/\/renvisegrad.hu\/en\/available-programs\/knights-tournament-show\/","name":"Knight's Tournament Show - Renaissance \u00c9tterem Visegr\u00e1d","isPartOf":{"@id":"https:\/\/renvisegrad.hu\/en\/#website"},"datePublished":"2018-02-08T22:21:35+00:00","dateModified":"2025-08-25T17:38:52+00:00","breadcrumb":{"@id":"https:\/\/renvisegrad.hu\/en\/available-programs\/knights-tournament-show\/#breadcrumb"},"inLanguage":"en-US","potentialAction":[{"@type":"ReadAction","target":["https:\/\/renvisegrad.hu\/en\/available-programs\/knights-tournament-show\/"]}]},{"@type":"BreadcrumbList","@id":"https:\/\/renvisegrad.hu\/en\/available-programs\/knights-tournament-show\/#breadcrumb","itemListElement":[{"@type":"ListItem","position":1,"name":"F\u0151oldal","item":"https:\/\/renvisegrad.hu\/en\/"},{"@type":"ListItem","position":2,"name":"Available Programs","item":"https:\/\/renvisegrad.hu\/en\/rendelheto-programok\/"},{"@type":"ListItem","position":3,"name":"Knight&#8217;s Tournament Show"}]},{"@type":"WebSite","@id":"https:\/\/renvisegrad.hu\/en\/#website","url":"https:\/\/renvisegrad.hu\/en\/","name":"Renaissance \u00c9tterem Visegr\u00e1d","description":"","potentialAction":[{"@type":"SearchAction","target":{"@type":"EntryPoint","urlTemplate":"https:\/\/renvisegrad.hu\/en\/?s={search_term_string}"},"query-input":{"@type":"PropertyValueSpecification","valueRequired":true,"valueName":"search_term_string"}}],"inLanguage":"en-US"}]}},"_links":{"self":[{"href":"https:\/\/renvisegrad.hu\/en\/wp-json\/wp\/v2\/pages\/25275","targetHints":{"allow":["GET"]}}],"collection":[{"href":"https:\/\/renvisegrad.hu\/en\/wp-json\/wp\/v2\/pages"}],"about":[{"href":"https:\/\/renvisegrad.hu\/en\/wp-json\/wp\/v2\/types\/page"}],"author":[{"embeddable":true,"href":"https:\/\/renvisegrad.hu\/en\/wp-json\/wp\/v2\/users\/1"}],"replies":[{"embeddable":true,"href":"https:\/\/renvisegrad.hu\/en\/wp-json\/wp\/v2\/comments?post=25275"}],"version-history":[{"count":2,"href":"https:\/\/renvisegrad.hu\/en\/wp-json\/wp\/v2\/pages\/25275\/revisions"}],"predecessor-version":[{"id":25277,"href":"https:\/\/renvisegrad.hu\/en\/wp-json\/wp\/v2\/pages\/25275\/revisions\/25277"}],"up":[{"embeddable":true,"href":"https:\/\/renvisegrad.hu\/en\/wp-json\/wp\/v2\/pages\/25014"}],"wp:attachment":[{"href":"https:\/\/renvisegrad.hu\/en\/wp-json\/wp\/v2\/media?parent=25275"}],"curies":[{"name":"wp","href":"https:\/\/api.w.org\/{rel}","templated":true}]}}