{"id":25281,"date":"2019-02-22T18:22:47","date_gmt":"2019-02-22T18:22:47","guid":{"rendered":"https:\/\/renvisegrad.hu\/available-programs\/bird-of-prey-show\/"},"modified":"2025-08-25T17:43:00","modified_gmt":"2025-08-25T17:43:00","slug":"bird-of-prey-show","status":"publish","type":"page","link":"https:\/\/renvisegrad.hu\/en\/available-programs\/bird-of-prey-show\/","title":{"rendered":"Bird of prey show"},"content":{"rendered":"<p>[et_pb_section bb_built=&#8221;1&#8243; fullwidth=&#8221;off&#8221; specialty=&#8221;on&#8221;][et_pb_column type=&#8221;3_4&#8243; specialty_columns=&#8221;3&#8243;][et_pb_row_inner admin_label=&#8221;Sor&#8221;][et_pb_column_inner type=&#8221;4_4&#8243; saved_specialty_column_type=&#8221;3_4&#8243;][et_pb_text _builder_version=&#8221;3.0.105&#8243; background_layout=&#8221;light&#8221;]<\/p>\n<h3>Bird of prey show<\/h3>\n<p>[\/et_pb_text][et_pb_divider _builder_version=&#8221;3.0.105&#8243; show_divider=&#8221;on&#8221; color=&#8221;#c6a05f&#8221; divider_weight=&#8221;3&#8243; height=&#8221;10px&#8221; max_width=&#8221;10%&#8221; \/][et_pb_gallery _builder_version=&#8221;3.0.105&#8243; show_title_and_caption=&#8221;on&#8221; show_pagination=&#8221;on&#8221; gallery_ids=&#8221;4606,4605,4604&#8243; fullwidth=&#8221;on&#8221; orientation=&#8221;landscape&#8221; zoom_icon_color=&#8221;#2ea3f2&#8243; hover_overlay_color=&#8221;rgba(255,255,255,0.9)&#8221; background_layout=&#8221;light&#8221; pagination_font_size_tablet=&#8221;51&#8243; pagination_line_height_tablet=&#8221;2&#8243; pagination_text_color=&#8221;#ffffff&#8221; \/][et_pb_text _builder_version=&#8221;3.0.105&#8243; background_layout=&#8221;light&#8221;]<\/p>\n<p>Ervin Kov\u00e1cs, Visegr\u00e1d\u2019s renowned falconer, offers an exciting and interactive presentation revealing how our medieval ancestors hunted with the red-winged hawk, trained ferret, and hunting dog.<\/p>\n<p><\/p>\n<p>Following the fascinating historical insights into hunting, guests will have the opportunity to handle the beautiful hawk and meet Ervin\u2019s dog and ferret.<br \/>Watch here<\/p>\n<p><\/p>\n<p>Souvenir:<br \/>Upon request, we create a personalized fridge magnet featuring a photo of the guest with the bird.<\/p>\n<p><\/p>\n<p>Location:<br \/>From spring to autumn, the program takes place outdoors in the garden of Hotel Visegr\u00e1d; during the winter months, it is held indoors at the Palace Hall.<\/p>\n<p><\/p>\n<p>Group size:<br \/>The program can be organized for groups ranging from a minimum of 10 to up to 60 participants.<\/p>\n<p><\/p>\n<p>We warmly welcome you to one of the country\u2019s most exciting historical program venues in Visegr\u00e1d!<\/p>\n<p>[\/et_pb_text][et_pb_text _builder_version=&#8221;3.0.105&#8243; background_layout=&#8221;light&#8221;]<\/p>\n<h3>Request for a qoute<\/h3>\n<p>[\/et_pb_text][et_pb_divider _builder_version=&#8221;3.0.105&#8243; show_divider=&#8221;on&#8221; color=&#8221;#c6a05f&#8221; divider_weight=&#8221;3&#8243; height=&#8221;10px&#8221; max_width=&#8221;10%&#8221; \/][et_pb_text _builder_version=&#8221;3.0.105&#8243; background_layout=&#8221;light&#8221;]<\/p>\n<p style=\"text-align: center;\">\n<div class=\"wpcf7 no-js\" id=\"wpcf7-f4211-o1\" lang=\"hu-HU\" dir=\"ltr\" data-wpcf7-id=\"4211\">\n<div class=\"screen-reader-response\"><p role=\"status\" aria-live=\"polite\" aria-atomic=\"true\"><\/p> <ul><\/ul><\/div>\n<form action=\"\/en\/wp-json\/wp\/v2\/pages\/25281#wpcf7-f4211-o1\" method=\"post\" class=\"wpcf7-form init\" aria-label=\"Kapcsolatfelv\u00e9teli \u0171rlap\" novalidate=\"novalidate\" data-status=\"init\">\n<fieldset class=\"hidden-fields-container\"><input type=\"hidden\" name=\"_wpcf7\" value=\"4211\" \/><input type=\"hidden\" name=\"_wpcf7_version\" value=\"6.1.5\" \/><input type=\"hidden\" name=\"_wpcf7_locale\" value=\"hu_HU\" \/><input type=\"hidden\" name=\"_wpcf7_unit_tag\" value=\"wpcf7-f4211-o1\" \/><input type=\"hidden\" name=\"_wpcf7_container_post\" value=\"0\" \/><input type=\"hidden\" name=\"_wpcf7_posted_data_hash\" value=\"\" \/>\n<\/fieldset>\n<p><label> N\u00e9v (k\u00f6telez\u0151)<br \/>\n<span class=\"wpcf7-form-control-wrap\" data-name=\"nev\"><input size=\"40\" maxlength=\"400\" class=\"wpcf7-form-control wpcf7-text wpcf7-validates-as-required\" aria-required=\"true\" aria-invalid=\"false\" value=\"\" type=\"text\" name=\"nev\" \/><\/span> <\/label>\n<\/p>\n<p><label> C\u00e9gn\u00e9v<br \/>\n<span class=\"wpcf7-form-control-wrap\" data-name=\"cegnev\"><input size=\"40\" maxlength=\"400\" class=\"wpcf7-form-control wpcf7-text\" aria-invalid=\"false\" value=\"\" type=\"text\" name=\"cegnev\" \/><\/span> <\/label>\n<\/p>\n<p><label> E-mail c\u00edm (k\u00f6telez\u0151)<br \/>\n<span class=\"wpcf7-form-control-wrap\" data-name=\"email\"><input size=\"40\" maxlength=\"400\" class=\"wpcf7-form-control wpcf7-email wpcf7-validates-as-required wpcf7-text wpcf7-validates-as-email\" aria-required=\"true\" aria-invalid=\"false\" value=\"\" type=\"email\" name=\"email\" \/><\/span> <\/label>\n<\/p>\n<p><label> Telefonsz\u00e1m (k\u00f6telez\u0151)<br \/>\n<span class=\"wpcf7-form-control-wrap\" data-name=\"telenfonszam\"><input size=\"40\" maxlength=\"400\" class=\"wpcf7-form-control wpcf7-text wpcf7-validates-as-required\" aria-required=\"true\" aria-invalid=\"false\" value=\"\" type=\"text\" name=\"telenfonszam\" \/><\/span> <\/label>\n<\/p>\n<p><label> L\u00e9tsz\u00e1m (k\u00f6telez\u0151)<br \/>\n<span class=\"wpcf7-form-control-wrap\" data-name=\"letszam\"><input size=\"40\" maxlength=\"400\" class=\"wpcf7-form-control wpcf7-text wpcf7-validates-as-required\" aria-required=\"true\" aria-invalid=\"false\" value=\"\" type=\"text\" name=\"letszam\" \/><\/span> <\/label>\n<\/p>\n<p><label> \u00c9rkez\u00e9s (k\u00f6telez\u0151)<br \/>\n<span class=\"wpcf7-form-control-wrap\" data-name=\"erkezes\"><input class=\"wpcf7-form-control wpcf7-date wpcf7-validates-as-required wpcf7-validates-as-date\" aria-required=\"true\" aria-invalid=\"false\" value=\"\" type=\"date\" name=\"erkezes\" \/><\/span> <\/label>\n<\/p>\n<p><label> Ig\u00e9nyelt programok, rendezv\u00e9ny le\u00edr\u00e1sa (k\u00f6telez\u0151)<br \/>\n<span class=\"wpcf7-form-control-wrap\" data-name=\"programok\"><textarea cols=\"40\" rows=\"10\" maxlength=\"2000\" class=\"wpcf7-form-control wpcf7-textarea\" aria-invalid=\"false\" name=\"programok\"><\/textarea><\/span> <\/label>\n<\/p>\n<p><input class=\"wpcf7-form-control wpcf7-submit has-spinner\" type=\"submit\" value=\"K\u00e9rem az aj\u00e1nlatot\" \/>\n<\/p><div class=\"wpcf7-response-output\" aria-hidden=\"true\"><\/div>\n<\/form>\n<\/div>\n<\/p>\n<p>[\/et_pb_text][\/et_pb_column_inner][\/et_pb_row_inner][\/et_pb_column][et_pb_column type=&#8221;1_4&#8243;][et_pb_sidebar _builder_version=&#8221;3.0.105&#8243; area=&#8221;et_pb_widget_area_2&#8243; orientation=&#8221;right&#8221; show_border=&#8221;on&#8221; background_layout=&#8221;light&#8221; \/][\/et_pb_column][\/et_pb_section]<\/p>\n","protected":false},"excerpt":{"rendered":"<p>Bird of prey show Ervin Kov\u00e1cs, Visegr\u00e1d\u2019s renowned falconer, offers an exciting and interactive presentation revealing how our medieval ancestors hunted with the red-winged hawk, trained ferret, and hunting dog.Following the fascinating historical insights into hunting, guests will have the opportunity to handle the beautiful hawk and meet Ervin\u2019s dog and ferret.Watch hereSouvenir:Upon request, we [&hellip;]<\/p>\n","protected":false},"author":2,"featured_media":24461,"parent":25014,"menu_order":0,"comment_status":"closed","ping_status":"closed","template":"","meta":{"_et_pb_use_builder":"on","_et_pb_old_content":"","_et_gb_content_width":"","footnotes":""},"class_list":["post-25281","page","type-page","status-publish","has-post-thumbnail","hentry"],"yoast_head":"<!-- This site is optimized with the Yoast SEO plugin v27.4 - https:\/\/yoast.com\/product\/yoast-seo-wordpress\/ -->\n<title>Bird of prey show - Renaissance \u00c9tterem Visegr\u00e1d<\/title>\n<meta name=\"description\" content=\"Discover medieval falconry with the guidance of Ervin Kov\u00e1cs, and learn the secrets of hunting made easier with the help of a trained ferret and hunting dog.\" \/>\n<meta name=\"robots\" content=\"index, follow, max-snippet:-1, max-image-preview:large, max-video-preview:-1\" \/>\n<link rel=\"canonical\" href=\"https:\/\/renvisegrad.hu\/en\/available-programs\/bird-of-prey-show\/\" \/>\n<meta property=\"og:locale\" content=\"en_US\" \/>\n<meta property=\"og:type\" content=\"article\" \/>\n<meta property=\"og:title\" content=\"Bird of prey show - Renaissance \u00c9tterem Visegr\u00e1d\" \/>\n<meta property=\"og:description\" content=\"Discover medieval falconry with the guidance of Ervin Kov\u00e1cs, and learn the secrets of hunting made easier with the help of a trained ferret and hunting dog.\" \/>\n<meta property=\"og:url\" content=\"https:\/\/renvisegrad.hu\/en\/available-programs\/bird-of-prey-show\/\" \/>\n<meta property=\"og:site_name\" content=\"Renaissance \u00c9tterem Visegr\u00e1d\" \/>\n<meta property=\"article:modified_time\" content=\"2025-08-25T17:43:00+00:00\" \/>\n<meta property=\"og:image\" content=\"https:\/\/renvisegrad.hu\/wp-content\/uploads\/2019\/02\/6634_v2.jpg\" \/>\n\t<meta property=\"og:image:width\" content=\"3000\" \/>\n\t<meta property=\"og:image:height\" content=\"2000\" \/>\n\t<meta property=\"og:image:type\" content=\"image\/jpeg\" \/>\n<meta name=\"twitter:card\" content=\"summary_large_image\" \/>\n<meta name=\"twitter:label1\" content=\"Est. reading time\" \/>\n\t<meta name=\"twitter:data1\" content=\"2 minutes\" \/>\n<script type=\"application\/ld+json\" class=\"yoast-schema-graph\">{\"@context\":\"https:\\\/\\\/schema.org\",\"@graph\":[{\"@type\":\"WebPage\",\"@id\":\"https:\\\/\\\/renvisegrad.hu\\\/en\\\/available-programs\\\/bird-of-prey-show\\\/\",\"url\":\"https:\\\/\\\/renvisegrad.hu\\\/en\\\/available-programs\\\/bird-of-prey-show\\\/\",\"name\":\"Bird of prey show - Renaissance \u00c9tterem Visegr\u00e1d\",\"isPartOf\":{\"@id\":\"https:\\\/\\\/renvisegrad.hu\\\/en\\\/#website\"},\"primaryImageOfPage\":{\"@id\":\"https:\\\/\\\/renvisegrad.hu\\\/en\\\/available-programs\\\/bird-of-prey-show\\\/#primaryimage\"},\"image\":{\"@id\":\"https:\\\/\\\/renvisegrad.hu\\\/en\\\/available-programs\\\/bird-of-prey-show\\\/#primaryimage\"},\"thumbnailUrl\":\"https:\\\/\\\/renvisegrad.hu\\\/wp-content\\\/uploads\\\/2019\\\/02\\\/6634_v2.jpg\",\"datePublished\":\"2019-02-22T18:22:47+00:00\",\"dateModified\":\"2025-08-25T17:43:00+00:00\",\"description\":\"Discover medieval falconry with the guidance of Ervin Kov\u00e1cs, and learn the secrets of hunting made easier with the help of a trained ferret and hunting dog.\",\"breadcrumb\":{\"@id\":\"https:\\\/\\\/renvisegrad.hu\\\/en\\\/available-programs\\\/bird-of-prey-show\\\/#breadcrumb\"},\"inLanguage\":\"en-US\",\"potentialAction\":[{\"@type\":\"ReadAction\",\"target\":[\"https:\\\/\\\/renvisegrad.hu\\\/en\\\/available-programs\\\/bird-of-prey-show\\\/\"]}]},{\"@type\":\"ImageObject\",\"inLanguage\":\"en-US\",\"@id\":\"https:\\\/\\\/renvisegrad.hu\\\/en\\\/available-programs\\\/bird-of-prey-show\\\/#primaryimage\",\"url\":\"https:\\\/\\\/renvisegrad.hu\\\/wp-content\\\/uploads\\\/2019\\\/02\\\/6634_v2.jpg\",\"contentUrl\":\"https:\\\/\\\/renvisegrad.hu\\\/wp-content\\\/uploads\\\/2019\\\/02\\\/6634_v2.jpg\",\"width\":3000,\"height\":2000},{\"@type\":\"BreadcrumbList\",\"@id\":\"https:\\\/\\\/renvisegrad.hu\\\/en\\\/available-programs\\\/bird-of-prey-show\\\/#breadcrumb\",\"itemListElement\":[{\"@type\":\"ListItem\",\"position\":1,\"name\":\"F\u0151oldal\",\"item\":\"https:\\\/\\\/renvisegrad.hu\\\/en\\\/\"},{\"@type\":\"ListItem\",\"position\":2,\"name\":\"Available Programs\",\"item\":\"https:\\\/\\\/renvisegrad.hu\\\/en\\\/rendelheto-programok\\\/\"},{\"@type\":\"ListItem\",\"position\":3,\"name\":\"Bird of prey show\"}]},{\"@type\":\"WebSite\",\"@id\":\"https:\\\/\\\/renvisegrad.hu\\\/en\\\/#website\",\"url\":\"https:\\\/\\\/renvisegrad.hu\\\/en\\\/\",\"name\":\"Renaissance \u00c9tterem Visegr\u00e1d\",\"description\":\"\",\"potentialAction\":[{\"@type\":\"SearchAction\",\"target\":{\"@type\":\"EntryPoint\",\"urlTemplate\":\"https:\\\/\\\/renvisegrad.hu\\\/en\\\/?s={search_term_string}\"},\"query-input\":{\"@type\":\"PropertyValueSpecification\",\"valueRequired\":true,\"valueName\":\"search_term_string\"}}],\"inLanguage\":\"en-US\"}]}<\/script>\n<!-- \/ Yoast SEO plugin. -->","yoast_head_json":{"title":"Bird of prey show - Renaissance \u00c9tterem Visegr\u00e1d","description":"Discover medieval falconry with the guidance of Ervin Kov\u00e1cs, and learn the secrets of hunting made easier with the help of a trained ferret and hunting dog.","robots":{"index":"index","follow":"follow","max-snippet":"max-snippet:-1","max-image-preview":"max-image-preview:large","max-video-preview":"max-video-preview:-1"},"canonical":"https:\/\/renvisegrad.hu\/en\/available-programs\/bird-of-prey-show\/","og_locale":"en_US","og_type":"article","og_title":"Bird of prey show - Renaissance \u00c9tterem Visegr\u00e1d","og_description":"Discover medieval falconry with the guidance of Ervin Kov\u00e1cs, and learn the secrets of hunting made easier with the help of a trained ferret and hunting dog.","og_url":"https:\/\/renvisegrad.hu\/en\/available-programs\/bird-of-prey-show\/","og_site_name":"Renaissance \u00c9tterem Visegr\u00e1d","article_modified_time":"2025-08-25T17:43:00+00:00","og_image":[{"width":3000,"height":2000,"url":"https:\/\/renvisegrad.hu\/wp-content\/uploads\/2019\/02\/6634_v2.jpg","type":"image\/jpeg"}],"twitter_card":"summary_large_image","twitter_misc":{"Est. reading time":"2 minutes"},"schema":{"@context":"https:\/\/schema.org","@graph":[{"@type":"WebPage","@id":"https:\/\/renvisegrad.hu\/en\/available-programs\/bird-of-prey-show\/","url":"https:\/\/renvisegrad.hu\/en\/available-programs\/bird-of-prey-show\/","name":"Bird of prey show - Renaissance \u00c9tterem Visegr\u00e1d","isPartOf":{"@id":"https:\/\/renvisegrad.hu\/en\/#website"},"primaryImageOfPage":{"@id":"https:\/\/renvisegrad.hu\/en\/available-programs\/bird-of-prey-show\/#primaryimage"},"image":{"@id":"https:\/\/renvisegrad.hu\/en\/available-programs\/bird-of-prey-show\/#primaryimage"},"thumbnailUrl":"https:\/\/renvisegrad.hu\/wp-content\/uploads\/2019\/02\/6634_v2.jpg","datePublished":"2019-02-22T18:22:47+00:00","dateModified":"2025-08-25T17:43:00+00:00","description":"Discover medieval falconry with the guidance of Ervin Kov\u00e1cs, and learn the secrets of hunting made easier with the help of a trained ferret and hunting dog.","breadcrumb":{"@id":"https:\/\/renvisegrad.hu\/en\/available-programs\/bird-of-prey-show\/#breadcrumb"},"inLanguage":"en-US","potentialAction":[{"@type":"ReadAction","target":["https:\/\/renvisegrad.hu\/en\/available-programs\/bird-of-prey-show\/"]}]},{"@type":"ImageObject","inLanguage":"en-US","@id":"https:\/\/renvisegrad.hu\/en\/available-programs\/bird-of-prey-show\/#primaryimage","url":"https:\/\/renvisegrad.hu\/wp-content\/uploads\/2019\/02\/6634_v2.jpg","contentUrl":"https:\/\/renvisegrad.hu\/wp-content\/uploads\/2019\/02\/6634_v2.jpg","width":3000,"height":2000},{"@type":"BreadcrumbList","@id":"https:\/\/renvisegrad.hu\/en\/available-programs\/bird-of-prey-show\/#breadcrumb","itemListElement":[{"@type":"ListItem","position":1,"name":"F\u0151oldal","item":"https:\/\/renvisegrad.hu\/en\/"},{"@type":"ListItem","position":2,"name":"Available Programs","item":"https:\/\/renvisegrad.hu\/en\/rendelheto-programok\/"},{"@type":"ListItem","position":3,"name":"Bird of prey show"}]},{"@type":"WebSite","@id":"https:\/\/renvisegrad.hu\/en\/#website","url":"https:\/\/renvisegrad.hu\/en\/","name":"Renaissance \u00c9tterem Visegr\u00e1d","description":"","potentialAction":[{"@type":"SearchAction","target":{"@type":"EntryPoint","urlTemplate":"https:\/\/renvisegrad.hu\/en\/?s={search_term_string}"},"query-input":{"@type":"PropertyValueSpecification","valueRequired":true,"valueName":"search_term_string"}}],"inLanguage":"en-US"}]}},"_links":{"self":[{"href":"https:\/\/renvisegrad.hu\/en\/wp-json\/wp\/v2\/pages\/25281","targetHints":{"allow":["GET"]}}],"collection":[{"href":"https:\/\/renvisegrad.hu\/en\/wp-json\/wp\/v2\/pages"}],"about":[{"href":"https:\/\/renvisegrad.hu\/en\/wp-json\/wp\/v2\/types\/page"}],"author":[{"embeddable":true,"href":"https:\/\/renvisegrad.hu\/en\/wp-json\/wp\/v2\/users\/2"}],"replies":[{"embeddable":true,"href":"https:\/\/renvisegrad.hu\/en\/wp-json\/wp\/v2\/comments?post=25281"}],"version-history":[{"count":2,"href":"https:\/\/renvisegrad.hu\/en\/wp-json\/wp\/v2\/pages\/25281\/revisions"}],"predecessor-version":[{"id":25283,"href":"https:\/\/renvisegrad.hu\/en\/wp-json\/wp\/v2\/pages\/25281\/revisions\/25283"}],"up":[{"embeddable":true,"href":"https:\/\/renvisegrad.hu\/en\/wp-json\/wp\/v2\/pages\/25014"}],"wp:featuredmedia":[{"embeddable":true,"href":"https:\/\/renvisegrad.hu\/en\/wp-json\/wp\/v2\/media\/24461"}],"wp:attachment":[{"href":"https:\/\/renvisegrad.hu\/en\/wp-json\/wp\/v2\/media?parent=25281"}],"curies":[{"name":"wp","href":"https:\/\/api.w.org\/{rel}","templated":true}]}}