{"id":24904,"date":"2023-11-06T10:30:37","date_gmt":"2023-11-06T10:30:37","guid":{"rendered":"https:\/\/renvisegrad.hu\/termek\/visegrad-knights-tournament-and-feast-organised-by-the-renaissance-restaurant\/"},"modified":"2025-08-06T11:37:51","modified_gmt":"2025-08-06T11:37:51","slug":"visegrad-knights-tournament-and-feast-organised-by-the-renaissance-restaurant","status":"publish","type":"product","link":"https:\/\/renvisegrad.hu\/en\/termek\/visegrad-knights-tournament-and-feast-organised-by-the-renaissance-restaurant\/","title":{"rendered":"Visegr\u00e1d knights tournament and feast organised by the Renaissance Restaurant"},"content":{"rendered":"<p>[et_pb_section fb_built=&#8221;1&#8243; _builder_version=&#8221;4.16&#8243; custom_padding=&#8221;0px||||false|false&#8221; da_disable_devices=&#8221;off|off|off&#8221; global_colors_info=&#8221;{}&#8221; da_is_popup=&#8221;off&#8221; da_exit_intent=&#8221;off&#8221; da_has_close=&#8221;on&#8221; da_alt_close=&#8221;off&#8221; da_dark_close=&#8221;off&#8221; da_not_modal=&#8221;on&#8221; da_is_singular=&#8221;off&#8221; da_with_loader=&#8221;off&#8221; da_has_shadow=&#8221;on&#8221;][et_pb_row _builder_version=&#8221;4.16&#8243; background_size=&#8221;initial&#8221; background_position=&#8221;top_left&#8221; background_repeat=&#8221;repeat&#8221; width=&#8221;100%&#8221; custom_padding=&#8221;0px||0px||false|false&#8221; global_colors_info=&#8221;{}&#8221;][et_pb_column type=&#8221;4_4&#8243; _builder_version=&#8221;4.16&#8243; custom_padding=&#8221;|||&#8221; global_colors_info=&#8221;{}&#8221; custom_padding__hover=&#8221;|||&#8221;]<\/p>\n<p>[et_pb_wc_breadcrumb _builder_version=&#8221;4.16&#8243; global_colors_info=&#8221;{}&#8221;][\/et_pb_wc_breadcrumb][et_pb_wc_cart_notice _builder_version=&#8221;4.16&#8243; global_colors_info=&#8221;{}&#8221;][\/et_pb_wc_cart_notice]<\/p>\n<p>[\/et_pb_column][\/et_pb_row][et_pb_row column_structure=&#8221;1_2,1_2&#8243; _builder_version=&#8221;4.16&#8243; background_size=&#8221;initial&#8221; background_position=&#8221;top_left&#8221; background_repeat=&#8221;repeat&#8221; width=&#8221;100%&#8221; custom_padding=&#8221;0px||||false|false&#8221; global_colors_info=&#8221;{}&#8221;][et_pb_column type=&#8221;1_2&#8243; _builder_version=&#8221;4.16&#8243; custom_padding=&#8221;|||&#8221; global_colors_info=&#8221;{}&#8221; custom_padding__hover=&#8221;|||&#8221;]<\/p>\n<p>[et_pb_wc_images _builder_version=&#8221;4.27.4&#8243; _module_preset=&#8221;default&#8221; global_colors_info=&#8221;{}&#8221;][\/et_pb_wc_images]<\/p>\n<p>[\/et_pb_column][et_pb_column type=&#8221;1_2&#8243; _builder_version=&#8221;4.16&#8243; custom_padding=&#8221;|||&#8221; global_colors_info=&#8221;{}&#8221; custom_padding__hover=&#8221;|||&#8221;]<\/p>\n<p>[et_pb_wc_title _builder_version=&#8221;4.16&#8243; global_colors_info=&#8221;{}&#8221;][\/et_pb_wc_title][et_pb_wc_rating _builder_version=&#8221;4.16&#8243; global_colors_info=&#8221;{}&#8221;][\/et_pb_wc_rating][et_pb_wc_price _builder_version=&#8221;4.16&#8243; global_colors_info=&#8221;{}&#8221;][\/et_pb_wc_price][et_pb_wc_description _builder_version=&#8221;4.27.4&#8243; global_colors_info=&#8221;{}&#8221;][\/et_pb_wc_description][et_pb_wc_add_to_cart _builder_version=&#8221;4.16&#8243; global_colors_info=&#8221;{}&#8221;][\/et_pb_wc_add_to_cart][et_pb_wc_meta _builder_version=&#8221;4.16&#8243; global_colors_info=&#8221;{}&#8221;][\/et_pb_wc_meta]<\/p>\n<p>[\/et_pb_column][\/et_pb_row][et_pb_row _builder_version=&#8221;4.16&#8243; background_size=&#8221;initial&#8221; background_position=&#8221;top_left&#8221; background_repeat=&#8221;repeat&#8221; width=&#8221;100%&#8221; global_colors_info=&#8221;{}&#8221;][et_pb_column type=&#8221;4_4&#8243; _builder_version=&#8221;4.16&#8243; custom_padding=&#8221;|||&#8221; global_colors_info=&#8221;{}&#8221; custom_padding__hover=&#8221;|||&#8221;]<\/p>\n<p>[et_pb_wc_tabs _builder_version=&#8221;4.27.4&#8243; global_colors_info=&#8221;{}&#8221;] [\/et_pb_wc_tabs][et_pb_wc_upsells _builder_version=&#8221;4.16&#8243; global_colors_info=&#8221;{}&#8221;][\/et_pb_wc_upsells][et_pb_wc_related_products _builder_version=&#8221;4.16&#8243; global_colors_info=&#8221;{}&#8221;][\/et_pb_wc_related_products]<\/p>\n<p>[\/et_pb_column][\/et_pb_row][\/et_pb_section]<\/p>\n","protected":false},"excerpt":{"rendered":"<h3><span style=\"vertical-align: inherit;\"><span style=\"vertical-align: inherit;\"><span style=\"vertical-align: inherit;\"><span style=\"vertical-align: inherit;\"><span style=\"vertical-align: inherit;\"><span style=\"vertical-align: inherit;\"><span style=\"vertical-align: inherit;\"><span style=\"vertical-align: inherit;\"><span style=\"vertical-align: inherit;\"><span style=\"vertical-align: inherit;\"><span style=\"vertical-align: inherit;\"><span style=\"vertical-align: inherit;\"><span style=\"vertical-align: inherit;\"><span style=\"vertical-align: inherit;\"><span style=\"vertical-align: inherit;\"><span style=\"vertical-align: inherit;\"><span style=\"vertical-align: inherit;\"><span style=\"vertical-align: inherit;\"><span style=\"vertical-align: inherit;\"><span style=\"vertical-align: inherit;\"><span style=\"vertical-align: inherit;\"><span style=\"vertical-align: inherit;\"><span style=\"vertical-align: inherit;\"><span style=\"vertical-align: inherit;\"><span style=\"vertical-align: inherit;\"><span style=\"vertical-align: inherit;\"><span style=\"vertical-align: inherit;\"><span style=\"vertical-align: inherit;\"><span style=\"vertical-align: inherit;\"><span style=\"vertical-align: inherit;\">Join us again this year for an authentic medieval day in Visegr\u00e1d!<\/span><\/span><\/span><\/span><\/span><\/span><\/span><\/span><\/span><\/span><\/span><\/span><\/span><\/span><\/span><\/span><\/span><\/span><\/span><\/span><\/span><\/span><\/span><\/span><\/span><\/span><\/span><\/span><\/span><\/span><\/h3>\n","protected":false},"featured_media":24781,"template":"","meta":{"_et_pb_use_builder":"on","_et_pb_old_content":"<h1>Visegr\u00e1d knight games and feast<\/h1>\r\n<p><span style=\"font-size: 12pt;\"><span style=\"vertical-align: inherit;\">We welcome our guests every Saturday with Visegr\u00e1d's most popular medieval program: a knights' tournament at the Salamon Tower and a royal feast at the Renaissance Restaurant. <strong>Detailed program itinerary:<\/strong><\/span><\/span><\/p>\r\n<ul>\r\n<li><span style=\"font-size: 12pt;\"><span style=\"vertical-align: inherit;\">12:00 Historical presentation at Solomon Tower<\/span><\/span><\/li>\r\n<li><span style=\"font-size: 12pt;\"><span style=\"vertical-align: inherit;\">12:30 Knight tournament demonstration with drinks (white wine, apple juice) at Solomon Tower<\/span><\/span><\/li>\r\n<\/ul>\r\n<p><img class=\"aligncenter size-large wp-image-3444\" src=\"https:\/\/renvisegrad.hu\/wp-content\/uploads\/2015\/12\/lovagi-torna-70-1024x711.jpg\" alt=\"\" width=\"1024\" height=\"711\" \/><\/p>\r\n<ul>\r\n<li><span style=\"font-size: 12pt;\"><span style=\"vertical-align: inherit;\">13:30 Royal feast at the Renaissance Restaurant with the following menu:<\/span><\/span><\/li>\r\n<\/ul>\r\n<p><img class=\"aligncenter size-large wp-image-5393\" src=\"https:\/\/renvisegrad.hu\/wp-content\/uploads\/2020\/06\/Menu4_foetel-Nagy-1024x683.jpg\" alt=\"\" width=\"1024\" height=\"683\" \/><\/p>\r\n<ul>\r\n<li><span style=\"font-size: 12pt;\"><span style=\"vertical-align: inherit;\">Creamy venison ragout soup with tarragon and onion potato dumplings<\/span><\/span><\/li>\r\n<li><span style=\"font-size: 12pt;\"><span style=\"vertical-align: inherit;\">Roast turkey leg, honey-glazed pork ribs, chicken breast fillet coated in panko crumbs, roast potato chips, chive mayonnaise, honey-smoked sauce, braised cabbage with apples<\/span><\/span><\/li>\r\n<li><span style=\"font-size: 12pt;\"><span style=\"vertical-align: inherit;\">Ice cream sundae<\/span><\/span><\/li>\r\n<\/ul>\r\n<p>Drinks are not included in the menu.<\/p>\r\n<p><strong>Dates:<\/strong><\/p>\r\n<p>July 19, 2025<br \/>July 26, 2025<br \/>August 2, 2025<br \/>August 9, 2025<br \/>August 16, 2025<br \/>August 23, 2025<br \/>August 30, 2025<br \/>September 6, 2025<br \/>September 13, 2025<br \/>September 20, 2025<br \/>September 27, 2025<br \/>October 4, 2025<br \/>October 11, 2025<\/p>\r\n<p><strong>Participation fee:<\/strong><\/p>\r\n<p>Over 14 years old: 13,900 HUF<br \/>Between 3 and 14 years old: 6,950 HUF<br \/>Under 3 years old: free participation<\/p>\r\n<p><strong>Meeting point, start of program:<\/strong> 12:00 p.m. Salamon Tower<\/p>","_et_gb_content_width":""},"product_brand":[],"product_cat":[1071],"product_tag":[],"class_list":{"0":"post-24904","1":"product","2":"type-product","3":"status-publish","4":"has-post-thumbnail","6":"product_cat-products-en","8":"first","9":"instock","10":"shipping-taxable","11":"purchasable","12":"product-type-variable","13":"has-default-attributes"},"yoast_head":"<!-- This site is optimized with the Yoast SEO plugin v27.5 - https:\/\/yoast.com\/product\/yoast-seo-wordpress\/ -->\n<title>Visegr\u00e1d knights tournament and feast organised by the Renaissance Restaurant - Renaissance \u00c9tterem Visegr\u00e1d<\/title>\n<meta name=\"robots\" content=\"index, follow, max-snippet:-1, max-image-preview:large, max-video-preview:-1\" \/>\n<link rel=\"canonical\" href=\"https:\/\/renvisegrad.hu\/en\/termek\/visegrad-knights-tournament-and-feast-organised-by-the-renaissance-restaurant\/\" \/>\n<meta property=\"og:locale\" content=\"en_US\" \/>\n<meta property=\"og:type\" content=\"article\" \/>\n<meta property=\"og:title\" content=\"Visegr\u00e1d knights tournament and feast organised by the Renaissance Restaurant - Renaissance \u00c9tterem Visegr\u00e1d\" \/>\n<meta property=\"og:description\" content=\"Join us again this year for an authentic medieval day in Visegr\u00e1d!\" \/>\n<meta property=\"og:url\" content=\"https:\/\/renvisegrad.hu\/en\/termek\/visegrad-knights-tournament-and-feast-organised-by-the-renaissance-restaurant\/\" \/>\n<meta property=\"og:site_name\" content=\"Renaissance \u00c9tterem Visegr\u00e1d\" \/>\n<meta property=\"article:modified_time\" content=\"2025-08-06T11:37:51+00:00\" \/>\n<meta property=\"og:image\" content=\"https:\/\/renvisegrad.hu\/wp-content\/uploads\/bhp_5315____1920.jpg\" \/>\n\t<meta property=\"og:image:width\" content=\"1920\" \/>\n\t<meta property=\"og:image:height\" content=\"1282\" \/>\n\t<meta property=\"og:image:type\" content=\"image\/jpeg\" \/>\n<meta name=\"twitter:card\" content=\"summary_large_image\" \/>\n<meta name=\"twitter:label1\" content=\"Est. reading time\" \/>\n\t<meta name=\"twitter:data1\" content=\"2 minutes\" \/>\n<script type=\"application\/ld+json\" class=\"yoast-schema-graph\">{\"@context\":\"https:\\\/\\\/schema.org\",\"@graph\":[{\"@type\":\"WebPage\",\"@id\":\"https:\\\/\\\/renvisegrad.hu\\\/en\\\/termek\\\/visegrad-knights-tournament-and-feast-organised-by-the-renaissance-restaurant\\\/\",\"url\":\"https:\\\/\\\/renvisegrad.hu\\\/en\\\/termek\\\/visegrad-knights-tournament-and-feast-organised-by-the-renaissance-restaurant\\\/\",\"name\":\"Visegr\u00e1d knights tournament and feast organised by the Renaissance Restaurant - Renaissance \u00c9tterem Visegr\u00e1d\",\"isPartOf\":{\"@id\":\"https:\\\/\\\/renvisegrad.hu\\\/en\\\/#website\"},\"primaryImageOfPage\":{\"@id\":\"https:\\\/\\\/renvisegrad.hu\\\/en\\\/termek\\\/visegrad-knights-tournament-and-feast-organised-by-the-renaissance-restaurant\\\/#primaryimage\"},\"image\":{\"@id\":\"https:\\\/\\\/renvisegrad.hu\\\/en\\\/termek\\\/visegrad-knights-tournament-and-feast-organised-by-the-renaissance-restaurant\\\/#primaryimage\"},\"thumbnailUrl\":\"https:\\\/\\\/renvisegrad.hu\\\/wp-content\\\/uploads\\\/bhp_5315____1920.jpg\",\"datePublished\":\"2023-11-06T10:30:37+00:00\",\"dateModified\":\"2025-08-06T11:37:51+00:00\",\"breadcrumb\":{\"@id\":\"https:\\\/\\\/renvisegrad.hu\\\/en\\\/termek\\\/visegrad-knights-tournament-and-feast-organised-by-the-renaissance-restaurant\\\/#breadcrumb\"},\"inLanguage\":\"en-US\",\"potentialAction\":[{\"@type\":\"ReadAction\",\"target\":[\"https:\\\/\\\/renvisegrad.hu\\\/en\\\/termek\\\/visegrad-knights-tournament-and-feast-organised-by-the-renaissance-restaurant\\\/\"]}]},{\"@type\":\"ImageObject\",\"inLanguage\":\"en-US\",\"@id\":\"https:\\\/\\\/renvisegrad.hu\\\/en\\\/termek\\\/visegrad-knights-tournament-and-feast-organised-by-the-renaissance-restaurant\\\/#primaryimage\",\"url\":\"https:\\\/\\\/renvisegrad.hu\\\/wp-content\\\/uploads\\\/bhp_5315____1920.jpg\",\"contentUrl\":\"https:\\\/\\\/renvisegrad.hu\\\/wp-content\\\/uploads\\\/bhp_5315____1920.jpg\",\"width\":1920,\"height\":1282},{\"@type\":\"BreadcrumbList\",\"@id\":\"https:\\\/\\\/renvisegrad.hu\\\/en\\\/termek\\\/visegrad-knights-tournament-and-feast-organised-by-the-renaissance-restaurant\\\/#breadcrumb\",\"itemListElement\":[{\"@type\":\"ListItem\",\"position\":1,\"name\":\"F\u0151oldal\",\"item\":\"https:\\\/\\\/renvisegrad.hu\\\/en\\\/\"},{\"@type\":\"ListItem\",\"position\":2,\"name\":\"Shop\",\"item\":\"https:\\\/\\\/renvisegrad.hu\\\/en\\\/shop\\\/\"},{\"@type\":\"ListItem\",\"position\":3,\"name\":\"Visegr\u00e1d knights tournament and feast organised by the Renaissance Restaurant\"}]},{\"@type\":\"WebSite\",\"@id\":\"https:\\\/\\\/renvisegrad.hu\\\/en\\\/#website\",\"url\":\"https:\\\/\\\/renvisegrad.hu\\\/en\\\/\",\"name\":\"Renaissance \u00c9tterem Visegr\u00e1d\",\"description\":\"\",\"potentialAction\":[{\"@type\":\"SearchAction\",\"target\":{\"@type\":\"EntryPoint\",\"urlTemplate\":\"https:\\\/\\\/renvisegrad.hu\\\/en\\\/?s={search_term_string}\"},\"query-input\":{\"@type\":\"PropertyValueSpecification\",\"valueRequired\":true,\"valueName\":\"search_term_string\"}}],\"inLanguage\":\"en-US\"}]}<\/script>\n<!-- \/ Yoast SEO plugin. -->","yoast_head_json":{"title":"Visegr\u00e1d knights tournament and feast organised by the Renaissance Restaurant - Renaissance \u00c9tterem Visegr\u00e1d","robots":{"index":"index","follow":"follow","max-snippet":"max-snippet:-1","max-image-preview":"max-image-preview:large","max-video-preview":"max-video-preview:-1"},"canonical":"https:\/\/renvisegrad.hu\/en\/termek\/visegrad-knights-tournament-and-feast-organised-by-the-renaissance-restaurant\/","og_locale":"en_US","og_type":"article","og_title":"Visegr\u00e1d knights tournament and feast organised by the Renaissance Restaurant - Renaissance \u00c9tterem Visegr\u00e1d","og_description":"Join us again this year for an authentic medieval day in Visegr\u00e1d!","og_url":"https:\/\/renvisegrad.hu\/en\/termek\/visegrad-knights-tournament-and-feast-organised-by-the-renaissance-restaurant\/","og_site_name":"Renaissance \u00c9tterem Visegr\u00e1d","article_modified_time":"2025-08-06T11:37:51+00:00","og_image":[{"width":1920,"height":1282,"url":"https:\/\/renvisegrad.hu\/wp-content\/uploads\/bhp_5315____1920.jpg","type":"image\/jpeg"}],"twitter_card":"summary_large_image","twitter_misc":{"Est. reading time":"2 minutes"},"schema":{"@context":"https:\/\/schema.org","@graph":[{"@type":"WebPage","@id":"https:\/\/renvisegrad.hu\/en\/termek\/visegrad-knights-tournament-and-feast-organised-by-the-renaissance-restaurant\/","url":"https:\/\/renvisegrad.hu\/en\/termek\/visegrad-knights-tournament-and-feast-organised-by-the-renaissance-restaurant\/","name":"Visegr\u00e1d knights tournament and feast organised by the Renaissance Restaurant - Renaissance \u00c9tterem Visegr\u00e1d","isPartOf":{"@id":"https:\/\/renvisegrad.hu\/en\/#website"},"primaryImageOfPage":{"@id":"https:\/\/renvisegrad.hu\/en\/termek\/visegrad-knights-tournament-and-feast-organised-by-the-renaissance-restaurant\/#primaryimage"},"image":{"@id":"https:\/\/renvisegrad.hu\/en\/termek\/visegrad-knights-tournament-and-feast-organised-by-the-renaissance-restaurant\/#primaryimage"},"thumbnailUrl":"https:\/\/renvisegrad.hu\/wp-content\/uploads\/bhp_5315____1920.jpg","datePublished":"2023-11-06T10:30:37+00:00","dateModified":"2025-08-06T11:37:51+00:00","breadcrumb":{"@id":"https:\/\/renvisegrad.hu\/en\/termek\/visegrad-knights-tournament-and-feast-organised-by-the-renaissance-restaurant\/#breadcrumb"},"inLanguage":"en-US","potentialAction":[{"@type":"ReadAction","target":["https:\/\/renvisegrad.hu\/en\/termek\/visegrad-knights-tournament-and-feast-organised-by-the-renaissance-restaurant\/"]}]},{"@type":"ImageObject","inLanguage":"en-US","@id":"https:\/\/renvisegrad.hu\/en\/termek\/visegrad-knights-tournament-and-feast-organised-by-the-renaissance-restaurant\/#primaryimage","url":"https:\/\/renvisegrad.hu\/wp-content\/uploads\/bhp_5315____1920.jpg","contentUrl":"https:\/\/renvisegrad.hu\/wp-content\/uploads\/bhp_5315____1920.jpg","width":1920,"height":1282},{"@type":"BreadcrumbList","@id":"https:\/\/renvisegrad.hu\/en\/termek\/visegrad-knights-tournament-and-feast-organised-by-the-renaissance-restaurant\/#breadcrumb","itemListElement":[{"@type":"ListItem","position":1,"name":"F\u0151oldal","item":"https:\/\/renvisegrad.hu\/en\/"},{"@type":"ListItem","position":2,"name":"Shop","item":"https:\/\/renvisegrad.hu\/en\/shop\/"},{"@type":"ListItem","position":3,"name":"Visegr\u00e1d knights tournament and feast organised by the Renaissance Restaurant"}]},{"@type":"WebSite","@id":"https:\/\/renvisegrad.hu\/en\/#website","url":"https:\/\/renvisegrad.hu\/en\/","name":"Renaissance \u00c9tterem Visegr\u00e1d","description":"","potentialAction":[{"@type":"SearchAction","target":{"@type":"EntryPoint","urlTemplate":"https:\/\/renvisegrad.hu\/en\/?s={search_term_string}"},"query-input":{"@type":"PropertyValueSpecification","valueRequired":true,"valueName":"search_term_string"}}],"inLanguage":"en-US"}]}},"_links":{"self":[{"href":"https:\/\/renvisegrad.hu\/en\/wp-json\/wp\/v2\/product\/24904","targetHints":{"allow":["GET"]}}],"collection":[{"href":"https:\/\/renvisegrad.hu\/en\/wp-json\/wp\/v2\/product"}],"about":[{"href":"https:\/\/renvisegrad.hu\/en\/wp-json\/wp\/v2\/types\/product"}],"wp:featuredmedia":[{"embeddable":true,"href":"https:\/\/renvisegrad.hu\/en\/wp-json\/wp\/v2\/media\/24781"}],"wp:attachment":[{"href":"https:\/\/renvisegrad.hu\/en\/wp-json\/wp\/v2\/media?parent=24904"}],"wp:term":[{"taxonomy":"product_brand","embeddable":true,"href":"https:\/\/renvisegrad.hu\/en\/wp-json\/wp\/v2\/product_brand?post=24904"},{"taxonomy":"product_cat","embeddable":true,"href":"https:\/\/renvisegrad.hu\/en\/wp-json\/wp\/v2\/product_cat?post=24904"},{"taxonomy":"product_tag","embeddable":true,"href":"https:\/\/renvisegrad.hu\/en\/wp-json\/wp\/v2\/product_tag?post=24904"}],"curies":[{"name":"wp","href":"https:\/\/api.w.org\/{rel}","templated":true}]}}