{"id":6439,"date":"2020-12-15T16:51:04","date_gmt":"2020-12-15T16:51:04","guid":{"rendered":"https:\/\/renvisegrad.hu\/?post_type=product&#038;p=6439"},"modified":"2025-11-25T13:36:27","modified_gmt":"2025-11-25T13:36:27","slug":"lovagi-torna-bemutato","status":"publish","type":"product","link":"https:\/\/renvisegrad.hu\/en\/termek\/lovagi-torna-bemutato\/","title":{"rendered":"Lovagi torna bemutat\u00f3"},"content":{"rendered":"<p>[et_pb_section fb_built=&#8221;1&#8243; _builder_version=&#8221;4.16&#8243; custom_padding=&#8221;0px||||false|false&#8221; da_disable_devices=&#8221;off|off|off&#8221; global_colors_info=&#8221;{}&#8221; da_is_popup=&#8221;off&#8221; da_exit_intent=&#8221;off&#8221; da_has_close=&#8221;on&#8221; da_alt_close=&#8221;off&#8221; da_dark_close=&#8221;off&#8221; da_not_modal=&#8221;on&#8221; da_is_singular=&#8221;off&#8221; da_with_loader=&#8221;off&#8221; da_has_shadow=&#8221;on&#8221;][et_pb_row _builder_version=&#8221;4.16&#8243; background_size=&#8221;initial&#8221; background_position=&#8221;top_left&#8221; background_repeat=&#8221;repeat&#8221; width=&#8221;100%&#8221; custom_padding=&#8221;0px||0px||false|false&#8221; global_colors_info=&#8221;{}&#8221;][et_pb_column type=&#8221;4_4&#8243; _builder_version=&#8221;4.16&#8243; custom_padding=&#8221;|||&#8221; global_colors_info=&#8221;{}&#8221; custom_padding__hover=&#8221;|||&#8221;][et_pb_wc_breadcrumb _builder_version=&#8221;4.16&#8243; global_colors_info=&#8221;{}&#8221;][\/et_pb_wc_breadcrumb][et_pb_wc_cart_notice _builder_version=&#8221;4.16&#8243; global_colors_info=&#8221;{}&#8221;][\/et_pb_wc_cart_notice][\/et_pb_column][\/et_pb_row][et_pb_row column_structure=&#8221;1_2,1_2&#8243; _builder_version=&#8221;4.16&#8243; background_size=&#8221;initial&#8221; background_position=&#8221;top_left&#8221; background_repeat=&#8221;repeat&#8221; width=&#8221;100%&#8221; custom_padding=&#8221;0px||||false|false&#8221; global_colors_info=&#8221;{}&#8221;][et_pb_column type=&#8221;1_2&#8243; _builder_version=&#8221;4.16&#8243; custom_padding=&#8221;|||&#8221; global_colors_info=&#8221;{}&#8221; custom_padding__hover=&#8221;|||&#8221;][et_pb_wc_images _builder_version=&#8221;4.27.4&#8243; hover_enabled=&#8221;0&#8243; global_colors_info=&#8221;{}&#8221; sticky_enabled=&#8221;0&#8243;][\/et_pb_wc_images][\/et_pb_column][et_pb_column type=&#8221;1_2&#8243; _builder_version=&#8221;4.16&#8243; custom_padding=&#8221;|||&#8221; global_colors_info=&#8221;{}&#8221; custom_padding__hover=&#8221;|||&#8221;][et_pb_wc_title _builder_version=&#8221;4.27.4&#8243; hover_enabled=&#8221;0&#8243; global_colors_info=&#8221;{}&#8221; sticky_enabled=&#8221;0&#8243;][\/et_pb_wc_title][et_pb_wc_rating _builder_version=&#8221;4.16&#8243; global_colors_info=&#8221;{}&#8221;][\/et_pb_wc_rating][et_pb_wc_price _builder_version=&#8221;4.16&#8243; global_colors_info=&#8221;{}&#8221;][\/et_pb_wc_price][et_pb_wc_description _builder_version=&#8221;4.16&#8243; global_colors_info=&#8221;{}&#8221;][\/et_pb_wc_description][et_pb_wc_add_to_cart _builder_version=&#8221;4.16&#8243; global_colors_info=&#8221;{}&#8221;][\/et_pb_wc_add_to_cart][et_pb_wc_meta _builder_version=&#8221;4.16&#8243; global_colors_info=&#8221;{}&#8221;][\/et_pb_wc_meta][\/et_pb_column][\/et_pb_row][et_pb_row _builder_version=&#8221;4.16&#8243; background_size=&#8221;initial&#8221; background_position=&#8221;top_left&#8221; background_repeat=&#8221;repeat&#8221; width=&#8221;100%&#8221; global_colors_info=&#8221;{}&#8221;][et_pb_column type=&#8221;4_4&#8243; _builder_version=&#8221;4.16&#8243; custom_padding=&#8221;|||&#8221; global_colors_info=&#8221;{}&#8221; custom_padding__hover=&#8221;|||&#8221;][et_pb_wc_tabs _builder_version=&#8221;4.16&#8243; global_colors_info=&#8221;{}&#8221;]\t\t\t\t\t[\/et_pb_wc_tabs][et_pb_wc_upsells _builder_version=&#8221;4.16&#8243; global_colors_info=&#8221;{}&#8221;][\/et_pb_wc_upsells][et_pb_wc_related_products _builder_version=&#8221;4.16&#8243; global_colors_info=&#8221;{}&#8221;][\/et_pb_wc_related_products][\/et_pb_column][\/et_pb_row][\/et_pb_section]<\/p>\n","protected":false},"excerpt":{"rendered":"<p><span dir=\"auto\" style=\"vertical-align: inherit;\"><span dir=\"auto\" style=\"vertical-align: inherit;\">Eg\u00e9sz \u00e9vben szervez\u00fcnk lovagi torn\u00e1kat a visegr\u00e1di Szent Gy\u00f6rgy Lovagrend el\u0151ad\u00e1s\u00e1ban. A programokat k\u00edv\u00e1ns\u00e1g szerinti id\u0151pontban, 30 f\u0151 l\u00e9tsz\u00e1mt\u00f3l rendezz\u00fck meg. Kisebb l\u00e9tsz\u00e1m\u00fa t\u00e1rsas\u00e1gok r\u00e9sz\u00e9re az el\u0151jegyzett programokhoz val\u00f3 csatlakoz\u00e1st aj\u00e1nljuk. Minden szombaton 12 \u00f3r\u00e1t\u00f3l rendez\u00fcnk garant\u00e1ltan el\u0151ad\u00e1st.<\/span><\/span><\/p>\n","protected":false},"featured_media":7848,"template":"","meta":{"_et_pb_use_builder":"on","_et_pb_old_content":"<span dir=\"auto\" style=\"vertical-align: inherit\"><span dir=\"auto\" style=\"vertical-align: inherit\">\u2022 A program megel\u0151zi egy t\u00f6rt\u00e9nelmi ismertet\u0151 \u00e9s a torony megtekint\u00e9se, illetve feh\u00e9rborral \u00e9s \u00fcd\u00edt\u0151vel k\u00edn\u00e1ljuk vend\u00e9geinket (T\u00e9len ugyanez a Palotah\u00e1z attrakci\u00f3s h\u00e1zban van \u00e9s forraltbor\/tea az ital k\u00edn\u00e1l\u00e1s)<\/span><\/span>\r\n<span dir=\"auto\" style=\"vertical-align: inherit\"><span dir=\"auto\" style=\"vertical-align: inherit\">\u2022 A torony fantasztikus kil\u00e1t\u00e1ssal rendelkez\u0151 tet\u0151terasz\u00e1t is megl\u00e1togatjuk, innen egyed\u00fcl\u00e1ll\u00f3 panor\u00e1ma ny\u00edlik a Dunakanyar legszebb r\u00e9sz\u00e9re (T\u00e9len megtekinthetik vagy ak\u00e1r ki is pr\u00f3b\u00e1lhatj\u00e1k a mesters\u00e9gek udvar\u00e1t a mesterek seg\u00edts\u00e9g\u00e9vel)<\/span><\/span>\r\n<span dir=\"auto\" style=\"vertical-align: inherit\"><span dir=\"auto\" style=\"vertical-align: inherit\">A bemutat\u00f3 a Salamon torony elhelyezked\u0151 lovagi torna p\u00e1ly\u00e1n zajlik (T\u00e9len z\u00e1rt f\u0171t\u00f6tt helyen bent). A programok kezdet\u00e9n egy kir\u00e1lyt \u00e9s egy kir\u00e1lyn\u00e9t v\u00e1lasztanak a lovagok a k\u00f6z\u00f6ns\u00e9g tagjai k\u00f6z\u00fcl, akiket kir\u00e1lyi pal\u00e1stokba \u00f6lt\u00f6ztetnek \u00e9s megkoron\u00e1znak. <\/span><\/span>\r\n<span dir=\"auto\" style=\"vertical-align: inherit\"><span dir=\"auto\" style=\"vertical-align: inherit\">\u2022 A kir\u00e1ly megrendel\u00e9s\u00e9re bevonulnak a lovagok, akik k\u00f6z\u00e9pkori fegyvereikkel c\u00e9lz\u00f3 \u00e9s bajv\u00edv\u00f3 tud\u00e1sukat bizony\u00edtj\u00e1k a kir\u00e1lyi p\u00e1rnak \u00e9s megh\u00edvott vend\u00e9geiknek. A p\u00e1rviadalok val\u00f3s\u00e1gh\u0171en \u00e9s izgalmasan , esetenk\u00e9nt humorral id\u00e9zik fel a k\u00f6z\u00e9pkori lovagok b\u00e1tors\u00e1g\u00e1t \u00e9s vakmer\u0151s\u00e9g\u00e9t. <\/span><\/span>\r\n<span dir=\"auto\" style=\"vertical-align: inherit\"><span dir=\"auto\" style=\"vertical-align: inherit\">\u2022 Szabadt\u00e9ri m\u0171sorainkat kir\u00e1lyi vad\u00e1sz\u00f6lyv reptet\u00e9se is sz\u00ednes\u00edti. <\/span><\/span>\r\n<span dir=\"auto\" style=\"vertical-align: inherit\"><span dir=\"auto\" style=\"vertical-align: inherit\">\u2022 A m\u0171sor z\u00e1r\u00e1sak\u00e9nt vend\u00e9geinknek lehet\u0151s\u00e9ge ny\u00edlik a k\u00f6z\u00e9pkori fegyvereket a lovagok seg\u00edts\u00e9g\u00e9vel kipr\u00f3b\u00e1lni.<\/span><\/span>","_et_gb_content_width":""},"product_brand":[],"product_cat":[483],"product_tag":[],"class_list":{"0":"post-6439","1":"product","2":"type-product","3":"status-publish","4":"has-post-thumbnail","6":"product_cat-programok","8":"first","9":"instock","10":"shipping-taxable","11":"purchasable","12":"product-type-variable"},"yoast_head":"<!-- This site is optimized with the Yoast SEO plugin v27.5 - https:\/\/yoast.com\/product\/yoast-seo-wordpress\/ -->\n<title>Lovagi torna bemutat\u00f3 - Renaissance \u00c9tterem Visegr\u00e1d<\/title>\n<meta name=\"robots\" content=\"index, follow, max-snippet:-1, max-image-preview:large, max-video-preview:-1\" \/>\n<link rel=\"canonical\" href=\"https:\/\/renvisegrad.hu\/en\/termek\/lovagi-torna-bemutato\/\" \/>\n<meta property=\"og:locale\" content=\"en_US\" \/>\n<meta property=\"og:type\" content=\"article\" \/>\n<meta property=\"og:title\" content=\"Lovagi torna bemutat\u00f3 - Renaissance \u00c9tterem Visegr\u00e1d\" \/>\n<meta property=\"og:description\" content=\"Eg\u00e9sz \u00e9vben szervez\u00fcnk lovagi torn\u00e1kat a visegr\u00e1di Szent Gy\u00f6rgy Lovagrend el\u0151ad\u00e1s\u00e1ban. A programokat k\u00edv\u00e1ns\u00e1g szerinti id\u0151pontban, 30 f\u0151 l\u00e9tsz\u00e1mt\u00f3l rendezz\u00fck meg. Kisebb l\u00e9tsz\u00e1m\u00fa t\u00e1rsas\u00e1gok r\u00e9sz\u00e9re az el\u0151jegyzett programokhoz val\u00f3 csatlakoz\u00e1st aj\u00e1nljuk. Minden szombaton 12 \u00f3r\u00e1t\u00f3l rendez\u00fcnk garant\u00e1ltan el\u0151ad\u00e1st.\" \/>\n<meta property=\"og:url\" content=\"https:\/\/renvisegrad.hu\/en\/termek\/lovagi-torna-bemutato\/\" \/>\n<meta property=\"og:site_name\" content=\"Renaissance \u00c9tterem Visegr\u00e1d\" \/>\n<meta property=\"article:modified_time\" content=\"2025-11-25T13:36:27+00:00\" \/>\n<meta property=\"og:image\" content=\"https:\/\/renvisegrad.hu\/wp-content\/uploads\/IMG_0163_1200x800.jpg\" \/>\n\t<meta property=\"og:image:width\" content=\"1200\" \/>\n\t<meta property=\"og:image:height\" content=\"800\" \/>\n\t<meta property=\"og:image:type\" content=\"image\/jpeg\" \/>\n<meta name=\"twitter:card\" content=\"summary_large_image\" \/>\n<meta name=\"twitter:label1\" content=\"Est. reading time\" \/>\n\t<meta name=\"twitter:data1\" content=\"3 minutes\" \/>\n<script type=\"application\/ld+json\" class=\"yoast-schema-graph\">{\"@context\":\"https:\\\/\\\/schema.org\",\"@graph\":[{\"@type\":\"WebPage\",\"@id\":\"https:\\\/\\\/renvisegrad.hu\\\/en\\\/termek\\\/lovagi-torna-bemutato\\\/\",\"url\":\"https:\\\/\\\/renvisegrad.hu\\\/en\\\/termek\\\/lovagi-torna-bemutato\\\/\",\"name\":\"Lovagi torna bemutat\u00f3 - Renaissance \u00c9tterem Visegr\u00e1d\",\"isPartOf\":{\"@id\":\"https:\\\/\\\/renvisegrad.hu\\\/en\\\/#website\"},\"primaryImageOfPage\":{\"@id\":\"https:\\\/\\\/renvisegrad.hu\\\/en\\\/termek\\\/lovagi-torna-bemutato\\\/#primaryimage\"},\"image\":{\"@id\":\"https:\\\/\\\/renvisegrad.hu\\\/en\\\/termek\\\/lovagi-torna-bemutato\\\/#primaryimage\"},\"thumbnailUrl\":\"https:\\\/\\\/renvisegrad.hu\\\/wp-content\\\/uploads\\\/IMG_0163_1200x800.jpg\",\"datePublished\":\"2020-12-15T16:51:04+00:00\",\"dateModified\":\"2025-11-25T13:36:27+00:00\",\"breadcrumb\":{\"@id\":\"https:\\\/\\\/renvisegrad.hu\\\/en\\\/termek\\\/lovagi-torna-bemutato\\\/#breadcrumb\"},\"inLanguage\":\"en-US\",\"potentialAction\":[{\"@type\":\"ReadAction\",\"target\":[\"https:\\\/\\\/renvisegrad.hu\\\/en\\\/termek\\\/lovagi-torna-bemutato\\\/\"]}]},{\"@type\":\"ImageObject\",\"inLanguage\":\"en-US\",\"@id\":\"https:\\\/\\\/renvisegrad.hu\\\/en\\\/termek\\\/lovagi-torna-bemutato\\\/#primaryimage\",\"url\":\"https:\\\/\\\/renvisegrad.hu\\\/wp-content\\\/uploads\\\/IMG_0163_1200x800.jpg\",\"contentUrl\":\"https:\\\/\\\/renvisegrad.hu\\\/wp-content\\\/uploads\\\/IMG_0163_1200x800.jpg\",\"width\":1200,\"height\":800},{\"@type\":\"BreadcrumbList\",\"@id\":\"https:\\\/\\\/renvisegrad.hu\\\/en\\\/termek\\\/lovagi-torna-bemutato\\\/#breadcrumb\",\"itemListElement\":[{\"@type\":\"ListItem\",\"position\":1,\"name\":\"F\u0151oldal\",\"item\":\"https:\\\/\\\/renvisegrad.hu\\\/en\\\/\"},{\"@type\":\"ListItem\",\"position\":2,\"name\":\"Shop\",\"item\":\"https:\\\/\\\/renvisegrad.hu\\\/en\\\/shop\\\/\"},{\"@type\":\"ListItem\",\"position\":3,\"name\":\"Lovagi torna bemutat\u00f3\"}]},{\"@type\":\"WebSite\",\"@id\":\"https:\\\/\\\/renvisegrad.hu\\\/en\\\/#website\",\"url\":\"https:\\\/\\\/renvisegrad.hu\\\/en\\\/\",\"name\":\"Renaissance \u00c9tterem Visegr\u00e1d\",\"description\":\"\",\"potentialAction\":[{\"@type\":\"SearchAction\",\"target\":{\"@type\":\"EntryPoint\",\"urlTemplate\":\"https:\\\/\\\/renvisegrad.hu\\\/en\\\/?s={search_term_string}\"},\"query-input\":{\"@type\":\"PropertyValueSpecification\",\"valueRequired\":true,\"valueName\":\"search_term_string\"}}],\"inLanguage\":\"en-US\"}]}<\/script>\n<!-- \/ Yoast SEO plugin. -->","yoast_head_json":{"title":"Lovagi torna bemutat\u00f3 - Renaissance \u00c9tterem Visegr\u00e1d","robots":{"index":"index","follow":"follow","max-snippet":"max-snippet:-1","max-image-preview":"max-image-preview:large","max-video-preview":"max-video-preview:-1"},"canonical":"https:\/\/renvisegrad.hu\/en\/termek\/lovagi-torna-bemutato\/","og_locale":"en_US","og_type":"article","og_title":"Lovagi torna bemutat\u00f3 - Renaissance \u00c9tterem Visegr\u00e1d","og_description":"Eg\u00e9sz \u00e9vben szervez\u00fcnk lovagi torn\u00e1kat a visegr\u00e1di Szent Gy\u00f6rgy Lovagrend el\u0151ad\u00e1s\u00e1ban. A programokat k\u00edv\u00e1ns\u00e1g szerinti id\u0151pontban, 30 f\u0151 l\u00e9tsz\u00e1mt\u00f3l rendezz\u00fck meg. Kisebb l\u00e9tsz\u00e1m\u00fa t\u00e1rsas\u00e1gok r\u00e9sz\u00e9re az el\u0151jegyzett programokhoz val\u00f3 csatlakoz\u00e1st aj\u00e1nljuk. Minden szombaton 12 \u00f3r\u00e1t\u00f3l rendez\u00fcnk garant\u00e1ltan el\u0151ad\u00e1st.","og_url":"https:\/\/renvisegrad.hu\/en\/termek\/lovagi-torna-bemutato\/","og_site_name":"Renaissance \u00c9tterem Visegr\u00e1d","article_modified_time":"2025-11-25T13:36:27+00:00","og_image":[{"width":1200,"height":800,"url":"https:\/\/renvisegrad.hu\/wp-content\/uploads\/IMG_0163_1200x800.jpg","type":"image\/jpeg"}],"twitter_card":"summary_large_image","twitter_misc":{"Est. reading time":"3 minutes"},"schema":{"@context":"https:\/\/schema.org","@graph":[{"@type":"WebPage","@id":"https:\/\/renvisegrad.hu\/en\/termek\/lovagi-torna-bemutato\/","url":"https:\/\/renvisegrad.hu\/en\/termek\/lovagi-torna-bemutato\/","name":"Lovagi torna bemutat\u00f3 - Renaissance \u00c9tterem Visegr\u00e1d","isPartOf":{"@id":"https:\/\/renvisegrad.hu\/en\/#website"},"primaryImageOfPage":{"@id":"https:\/\/renvisegrad.hu\/en\/termek\/lovagi-torna-bemutato\/#primaryimage"},"image":{"@id":"https:\/\/renvisegrad.hu\/en\/termek\/lovagi-torna-bemutato\/#primaryimage"},"thumbnailUrl":"https:\/\/renvisegrad.hu\/wp-content\/uploads\/IMG_0163_1200x800.jpg","datePublished":"2020-12-15T16:51:04+00:00","dateModified":"2025-11-25T13:36:27+00:00","breadcrumb":{"@id":"https:\/\/renvisegrad.hu\/en\/termek\/lovagi-torna-bemutato\/#breadcrumb"},"inLanguage":"en-US","potentialAction":[{"@type":"ReadAction","target":["https:\/\/renvisegrad.hu\/en\/termek\/lovagi-torna-bemutato\/"]}]},{"@type":"ImageObject","inLanguage":"en-US","@id":"https:\/\/renvisegrad.hu\/en\/termek\/lovagi-torna-bemutato\/#primaryimage","url":"https:\/\/renvisegrad.hu\/wp-content\/uploads\/IMG_0163_1200x800.jpg","contentUrl":"https:\/\/renvisegrad.hu\/wp-content\/uploads\/IMG_0163_1200x800.jpg","width":1200,"height":800},{"@type":"BreadcrumbList","@id":"https:\/\/renvisegrad.hu\/en\/termek\/lovagi-torna-bemutato\/#breadcrumb","itemListElement":[{"@type":"ListItem","position":1,"name":"F\u0151oldal","item":"https:\/\/renvisegrad.hu\/en\/"},{"@type":"ListItem","position":2,"name":"Shop","item":"https:\/\/renvisegrad.hu\/en\/shop\/"},{"@type":"ListItem","position":3,"name":"Lovagi torna bemutat\u00f3"}]},{"@type":"WebSite","@id":"https:\/\/renvisegrad.hu\/en\/#website","url":"https:\/\/renvisegrad.hu\/en\/","name":"Renaissance \u00c9tterem Visegr\u00e1d","description":"","potentialAction":[{"@type":"SearchAction","target":{"@type":"EntryPoint","urlTemplate":"https:\/\/renvisegrad.hu\/en\/?s={search_term_string}"},"query-input":{"@type":"PropertyValueSpecification","valueRequired":true,"valueName":"search_term_string"}}],"inLanguage":"en-US"}]}},"_links":{"self":[{"href":"https:\/\/renvisegrad.hu\/en\/wp-json\/wp\/v2\/product\/6439","targetHints":{"allow":["GET"]}}],"collection":[{"href":"https:\/\/renvisegrad.hu\/en\/wp-json\/wp\/v2\/product"}],"about":[{"href":"https:\/\/renvisegrad.hu\/en\/wp-json\/wp\/v2\/types\/product"}],"wp:featuredmedia":[{"embeddable":true,"href":"https:\/\/renvisegrad.hu\/en\/wp-json\/wp\/v2\/media\/7848"}],"wp:attachment":[{"href":"https:\/\/renvisegrad.hu\/en\/wp-json\/wp\/v2\/media?parent=6439"}],"wp:term":[{"taxonomy":"product_brand","embeddable":true,"href":"https:\/\/renvisegrad.hu\/en\/wp-json\/wp\/v2\/product_brand?post=6439"},{"taxonomy":"product_cat","embeddable":true,"href":"https:\/\/renvisegrad.hu\/en\/wp-json\/wp\/v2\/product_cat?post=6439"},{"taxonomy":"product_tag","embeddable":true,"href":"https:\/\/renvisegrad.hu\/en\/wp-json\/wp\/v2\/product_tag?post=6439"}],"curies":[{"name":"wp","href":"https:\/\/api.w.org\/{rel}","templated":true}]}}